{"id":5,"date":"2018-02-26T08:51:24","date_gmt":"2018-02-26T08:51:24","guid":{"rendered":"http:\/\/10.44.205.152\/free-1\/mesmerize\/"},"modified":"2025-12-05T11:32:09","modified_gmt":"2025-12-05T10:32:09","slug":"mesmerize","status":"publish","type":"page","link":"https:\/\/zacamministrazioni.it\/","title":{"rendered":"Front Page"},"content":{"rendered":"<div  data-label=\"About\" data-id=\"about--1\" data-export-id=\"about-9\" data-category=\"about\" class=\"about-9 content-section content-section-spacing\" id=\"about-1\" style=\"background-color: rgb(255, 255, 255);\"><div  class=\"gridContainer\"> <div  class=\"row middle-sm text-center\"><div  class=\"col-sm-5 space-bottom-xs content-column content-right-sm\" data-type=\"column\"> <h5  class=\"\">OPERATIVI DA PI\u00d9 DI 20 ANNI<\/h5> <h2  class=\"\" style=\"margin-bottom: 16px; \/* outline: rgb(204, 204, 204) solid 1px;\">Grazie alla guida<br ><span  href=\"#\" style=\"font-family: &quot;Playfair Display&quot;, sans-serif; font-style: italic;\">Seria e professionale<\/span><br >del Rag. Giorgio Zacchetti<\/h2> <p  class=\"\">Iscritto all\u2019associazione di categoria <b >A.N.A.I.P<\/b>, lo Studio Zacchetti opera principalmente a <b >Milano e nell\u2019hinterland milanese<\/b>, vantando un\u2019efficiente struttura aziendale.&nbsp; &nbsp;Lo staff \u00e8 attualmente formato da <b >5 persone interne<\/b> ed una serie di <b >collaboratori esterni<\/b> che seguono e collaborano con lo studio in settori di ingegneria, geometra, consulenza assicurativa e consulenza legale.<\/p> <a class=\"button color1\" href=\"#contact-1\" target=\"_self\" data-cp-link=\"1\" rel=\"noopener noreferrer\">CONTATTACI<\/a><\/div> <div  class=\"col-sm-7 flexbox flexbox middle-xs center-xs space-bottom-xs\"><div  class=\"overlay-box flexbox middle-xs center-xs overlay-holder \"> <div  class=\"overlay-box-offset offset-background shadow-medium bg-color2 hide-xs\"><\/div> <img decoding=\"async\"  class=\"flexbox shadow-large img1\" src=\"https:\/\/zacamministrazioni.it\/wp-content\/uploads\/2019\/08\/cropped-img_cond.png\" data-size=\"600x400\" alt=\"\" title=\"cropped-img_cond.png\"><\/div> <\/div><\/div> <\/div><\/div><div  id=\"overlappable-4\" style=\"background-color: #ffffff; background-image: none;\" data-label=\"Overlappable\" data-id=\"overlappable-4\" data-export-id=\"overlappable-4\" data-category=\"overlappable\" class=\"overlappable-4 content-section content-section-spacing\" data-overlap=\"true\">\n    <div  class=\"gridContainer\">\n    <div  data-type=\"row\" class=\"row spaced-cols text-center center-sm\">\n    <div  class=\"col-xs-12 col-sm-4 col-padding\">\n    \n    <i  class=\"fa icon shadow-large-black aligncenter color1 fa-repeat large\"> <\/i>\n    <div  data-type=\"column\" class=\"\">\n    <h5  class=\"\">GESTIONE CONDOMINIALE A 360\u00b0<\/h5>\n    <p  class=\"\">Lo studio convoca le assemblee; redige i bilanci consuntivi, gestisce l\u2019apertura del conto corrente condominiale e cura la relazione con i condomini e i consiglieri.<\/p>\n    \n    <\/div>\n    <\/div>\n    <div  class=\"col-xs-12 col-sm-4 col-padding\">\n    \n    <i  class=\"fa icon shadow-large-black aligncenter color1 fa-legal large\"> <\/i>\n    <div  data-type=\"column\" class=\"\">\n    <h5  class=\"\">ASSISTENZA LEGALE E ASSICURATIVA<\/h5>\n    <p  class=\"\">Rappresentanza legale del Condominio in materia civile e penale e stipula\/rinnovo assicurativo del fabbricato<\/p>\n    \n    <\/div>\n    <\/div>\n    <div  class=\"col-xs-12 col-sm-4 col-padding\">\n    \n    <i  class=\"fa icon shadow-large-black aligncenter color1 fa-clipboard large\"> <\/i>\n    <div  data-type=\"column\" class=\"\">\n    <h5  class=\"\">GESTIONE AFFITTI E CONTRATTI<\/h5>\n    <p  class=\"\">Stesura e registrazione contratti, solleciti, verbali di consegna immobile, assistenza fiscale ed elaborazione documento APE<\/p>\n    \n    <\/div>\n    <\/div>\n    <\/div>\n    <\/div>\n    <\/div><div  data-label=\"Cta\" data-id=\"cta-blue-section\" data-export-id=\"cta-blue-section\" data-category=\"cta\" class=\"cta-blue-section content-section content-section-spacing-medium bg-color1 white-text\" id=\"cta-1\" style=\"background-image: none; background-color: blue;\">\n    <div  class=\"gridContainer\">\n    <div  class=\"row middle-xs\">\n    <div  class=\"col-sm-8 space-bottom-xs\" data-type=\"column\">\n    <h2  class=\"\">Ricevi una consulenza personalizzata<\/h2>\n    <\/div>\n    <div  class=\"col-sm-4 end-sm\" data-type=\"column\"><a class=\"button color2\" href=\"#contact-1\" target=\"_self\" data-cp-link=\"1\" rel=\"noopener noreferrer\"> CONTATTACI <\/a><\/div>\n    <\/div>\n    <\/div>\n    <\/div><div  data-label=\"Content\" data-id=\"content--1\" data-export-id=\"content-7\" data-category=\"content\" class=\"content-7 content-section content-section-spacing\" id=\"content-1\" style=\"background-color: rgb(255, 255, 255);\"><div  class=\"gridContainer\"> <div  class=\"row middle-sm\"><div  class=\"col-sm-6 space-bottom-xs\" data-type=\"column\"> <h2  class=\"\"><span  style=\"font-weight: normal;\">Perch\u00e8 scegliere\n<br >lo <\/span>Studio Zacchetti?<\/h2> <p  class=\"\">Lo studio vanta un\u2019esperienza sul campo ultraventennale e garantisce massima seriet\u00e0, disponibilit\u00e0 e reperibilit\u00e0 per lo svolgimento di tutte le pratiche ordinarie e straordinarie. Lo staff dello Studio Zacchetti assicura tempestivit\u00e0 e supporto tecnico-operativo costante e continuativo.<br >\nGli amministratori dello studio sono associati presso l\u2019ANAIP tessera MI3757 Zacchetti Giorgio e A.N.AMN.I. tessera L265 Marzaro Manuela.<br >\nEntrambi hanno conseguito con esito positivo l\u2019ultimo corso di aggiornamento obbligatorio come da L.220\/2012 e dal D.M. 140\/2014<\/p> <a class=\"button color1\" href=\"#contact-1\" target=\"_self\" data-cp-link=\"1\" rel=\"noopener noreferrer\">CONTATTACI<\/a><\/div> <div  class=\"col-sm-6\" data-type=\"column\"> <img decoding=\"async\"  class=\"shadow-large\" src=\"https:\/\/zacamministrazioni.it\/wp-content\/uploads\/2025\/12\/Attestato-Zacchetti.png\" alt=\"\" title=\"Attestato Zacchetti\"><\/div> <\/div><\/div> <\/div><div  data-label=\"Features\" data-id=\"features--1\" data-export-id=\"features-12\" data-category=\"features\" class=\"features-12 content-section content-section-spacing \" id=\"features-1\" style=\"background-color: rgb(245, 250, 253);\"><div  class=\"gridContainer\"> <div  class=\"row text-center\"><div  class=\"section-title-col\" data-type=\"column\"> <h2  class=\"\">I nostri Servizi<\/h2> <p  class=\"lead\">Lo studio svolge con notevole <b >affidabilit\u00e0, trasparenza e\n<br >professionalit\u00e0<\/b> le seguenti attivit\u00e0 professionali:<\/p><\/div> <\/div> <div  class=\"row spaced-cols\" data-type=\"row\">  <div  class=\"col-sm-6 col-md-6 \"><div  class=\"row space-bottom\"> <div  class=\"col-sm-fit icon-column\"><i  class=\"fa icon color2 fa-hand-paper-o big\"><\/i><\/div> <div  class=\"col-sm\" data-type=\"column\"><h5  class=\"color2\">CONVOCAZIONI<\/h5> <p  class=\"\">Convocazione dei Condomini per <b >assemblee ordinarie e straordinarie<\/b><\/p><\/div> <\/div><\/div> <div  class=\"col-sm-6 col-md-6 \"><div  class=\"row space-bottom\"> <div  class=\"col-sm-fit icon-column\"><i  class=\"fa icon color2 fa-gears big\"><\/i><\/div> <div  class=\"col-sm\" data-type=\"column\"><h5  class=\"color2\">GESTIONE CONDOMINIALE<\/h5> <p  class=\"\">Gestione condominiale in base alle tabelle millesimali e alle <b >disposizioni del Codice Civile<\/b><\/p><\/div> <\/div><\/div> <div  class=\"col-sm-6 col-md-6 \"><div  class=\"row space-bottom\"> <div  class=\"col-sm-fit icon-column\"><i  class=\"fa icon color2 fa-calculator big\"><\/i><\/div> <div  class=\"col-sm\" data-type=\"column\"><h5  class=\"color2\">BILANCI PREVENTIVI<\/h5> <p  class=\"\">Redazione di un bilancio preventivo per nuova <b >gestione e riparto delle spese<\/b><\/p><\/div> <\/div><\/div> <div  class=\"col-sm-6 col-md-6 \"> <div  class=\"row space-bottom\"> <div  class=\"col-sm-fit icon-column\"> <i  class=\"fa icon color2 fa-clipboard big\"><\/i> <\/div> <div  class=\"col-sm\" data-type=\"column\"> <h5  class=\"color2\">BILANCI CONSUNTIVI<\/h5> <p  class=\"\">Redazione del bilancio consuntivo con relativo<b > riparto spese<\/b> per singolo condominio e <b >rendiconto analitico dettagliato<\/b><\/p><\/div> <\/div><\/div><div  class=\"col-sm-6 col-md-6 \"> <div  class=\"row space-bottom\"> <div  class=\"col-sm-fit icon-column\"> <i  class=\"fa icon color2 fa-money big\"><\/i> <\/div> <div  class=\"col-sm\" data-type=\"column\"> <h5  class=\"color2\">PAGAMENTI RITENUTE D\u2019ACCONTO<\/h5> <p  class=\"\"><b >Pagamento regolare<\/b> delle ritenute d\u2019acconto sulle fatture<\/p><\/div> <\/div><\/div><div  class=\"col-sm-6 col-md-6 \"> <div  class=\"row space-bottom\"> <div  class=\"col-sm-fit icon-column\"> <i  class=\"fa icon color2 fa-bank big\"><\/i> <\/div> <div  class=\"col-sm\" data-type=\"column\"> <h5  class=\"color2\">CONTO CORRENTE BANCARIO<\/h5> <p  class=\"\"><b >&nbsp;Apertura e gestione <\/b>di un <b >conto corrente bancario<\/b> intestato al Condominio<\/p><\/div> <\/div><\/div><div  class=\"col-sm-6 col-md-6 \"> <div  class=\"row space-bottom\"> <div  class=\"col-sm-fit icon-column\"> <i  class=\"fa icon color2 fa-balance-scale big\"><\/i> <\/div> <div  class=\"col-sm\" data-type=\"column\"> <h5  class=\"color2\">RAPPRESENTANZA LEGALE<\/h5> <p  class=\"\">Rappresentanza <b >legale <\/b>del Condominio<\/p><\/div> <\/div><\/div><div  class=\"col-sm-6 col-md-6 \"> <div  class=\"row space-bottom\"> <div  class=\"col-sm-fit icon-column\"> <i  class=\"fa icon color2 fa-clone big\"><\/i> <\/div> <div  class=\"col-sm\" data-type=\"column\"> <h5  class=\"color2\">CONTRATTI LOCAZIONE<\/h5> <p  class=\"\">Gestione di contratti di locazione <\/p><\/div> <\/div><\/div><div  class=\"col-sm-6 col-md-6 \"> <div  class=\"row space-bottom\"> <div  class=\"col-sm-fit icon-column\"> <i  class=\"fa icon color2 fa-angellist big\"><\/i> <\/div> <div  class=\"col-sm\" data-type=\"column\"> <h5  class=\"color2\">ASSICURAZIONI<\/h5> <p  class=\"\">Stipula e\/o aggiornamento assicurativo del fabbricato.<\/p><\/div> <\/div><\/div><div  class=\"col-sm-6 col-md-6 \"> <div  class=\"row space-bottom\"> <div  class=\"col-sm-fit icon-column\"> <i  class=\"fa icon color2 fa-black-tie big\"><\/i> <\/div> <div  class=\"col-sm\" data-type=\"column\"> <h5  class=\"color2\">ESECUZIONE DELIBERE<\/h5> <p  class=\"\">Esecuzione professionale delibere assembleari<\/p><\/div> <\/div><\/div><div  class=\"col-sm-6 col-md-6 \"> <div  class=\"row space-bottom\"> <div  class=\"col-sm-fit icon-column\"> <i  class=\"fa icon color2 fa-archive big\"><\/i> <\/div> <div  class=\"col-sm\" data-type=\"column\"> <h5  class=\"color2\">PRESA IN CARICO SEGNALAZIONI<\/h5> <p  class=\"\">Presa in carico segnalazioni e riunioni con il Comitato<\/p><\/div> <\/div><\/div><div  class=\"col-sm-6 col-md-6 \"><div  class=\"row space-bottom\"> <div  class=\"col-sm-fit icon-column\"><i  class=\"fa icon color2 fa-building-o big\"><\/i><\/div> <div  class=\"col-sm\" data-type=\"column\"><h5  class=\"color2\">CONTRATTI AFFITTI<\/h5> <p  class=\"\">Gestione contratti di di affitto&nbsp;<\/p><\/div> <\/div><\/div><\/div><\/div> <\/div><div  data-label=\"Content\" data-id=\"content--2\" data-export-id=\"content-8\" data-category=\"content\" class=\"content-8 content-section content-section-spacing\" id=\"content-2\" style=\"background-color: rgb(255, 255, 255); background-image: none;\"><div  class=\"gridContainer\"> <div  class=\"row middle-sm\"><div  class=\"col-sm-6 space-bottom-xs space-top-xs\" data-type=\"column\"> <img decoding=\"async\"  class=\"shadow-large\" src=\"https:\/\/zacamministrazioni.it\/wp-content\/uploads\/2019\/08\/cropped-notebook-2386034_1280.jpg\" alt=\"\" title=\"cropped-notebook-2386034_1280.jpg\"><\/div> <div  class=\"col-sm-6\" data-type=\"column\"><h2  class=\"\"><span  style=\"font-weight: normal;\">Una <\/span>linea telefonica \n<br >diretta<span  style=\"font-weight: normal;\"> con l\u2019amministratore<\/span><\/h2> <p  class=\"\">Oltre ad uno staff professionale strutturato, lo studio Zacchetti mette a disposizione dei condomini una linea telefonica diretta con l\u2019amministratore. <b >T<\/b><b >utte le richieste vengono esaminate ed evase nel minor tempo possibile<\/b>. Lo studio assicura la propria presenza ogni qualvolta le circostanze lo rendano necessario e, inoltre, <b >effettua periodicamente incontri con i consiglieri <\/b>per affrontare tutte le problematiche che via via emergono nel condominio.\n<br ><br >L\u2019amministratore e i suoi collaboratori sono <b >costantemente aggiornati in materia tributaria, fiscale, amministrativa e legale<\/b>, garantendo conoscenze ed un continuo adeguamento alle Norme vigenti nei confronti di tutti i condomini.<\/p> <a class=\"button color1\" href=\"#contact-1\" target=\"_self\" data-cp-link=\"1\" rel=\"noopener noreferrer\">CONTATTACI<\/a><\/div> <\/div><\/div> <\/div><div  data-label=\"Counters\" data-id=\"counters--1\" data-export-id=\"counters-2\" data-category=\"counters\" class=\"counters-2 content-section content-section-spacing\" id=\"counters-2\" style=\"background-color: rgb(245, 250, 253);\"><div  class=\"gridContainer\"> <div  class=\"row text-center\"><div  class=\"section-title-col\" data-type=\"column\"> <h2  class=\"\">Numeri<\/h2> <\/div> <\/div> <div  class=\"row\" data-type=\"row\"> <div  class=\"col-xs-12 col-sm-4 text-center space-bottom\"> <i  class=\"fa icon color1 fa-flag-o reverse round\"><\/i> <h3  class=\"font-400\" data-min=\"0\" data-max=\"20\" data-duration=\"2000\" data-prefix=\"\" data-suffix=\"+\" data-countup=\"true\" style=\"display: inline-block;\"><\/h3> <h5  class=\"upper color2\">ANNI DI ESPERIENZA<\/h5><\/div> <div  class=\"col-xs-12 col-sm-4 text-center space-bottom\"><i  class=\"fa icon color1 fa-volume-control-phone reverse round\"><\/i> <h3  class=\"font-400\" data-min=\"0\" data-max=\"24\" data-duration=\"2000\" data-prefix=\"\" data-suffix=\"\/7\" data-countup=\"true\" style=\"display: inline-block;\"><\/h3> <h5  class=\"upper color2\">ALTA REPERIBILIT\u00c0<\/h5><\/div> <div  class=\"col-xs-12 col-sm-4 text-center space-bottom\"><i  class=\"fa icon color1 fa-home reverse round\"><\/i> <h3  class=\"font-400\" data-min=\"0\" data-max=\"60\" data-duration=\"2000\" data-prefix=\"\" data-suffix=\"+\" data-countup=\"true\" style=\"display: inline-block;\"><\/h3> <h5  class=\"upper color2\">CONDOMINI GESTITI<\/h5><\/div> <\/div><\/div> <\/div><div  data-label=\"Contact\" data-id=\"contact--1\" data-export-id=\"contact-4\" data-category=\"contact\" class=\"contact-4 content-section content-relative\" id=\"contact-2\" style=\"background-color: rgb(255, 255, 255); background-image: none;\"><div  class=\"\"><div  data-section-title-area=\"true\" class=\"row text-center\">   <div  class=\"section-title-col\" data-type=\"column\">       <h2  class=\"\">Come raggiungerci<\/h2>          <p  class=\"lead\"><b >Sede di Milano:<\/b> Giovanni da Procida, 4, 20149 Milano<\/p><\/div><\/div> <div  class=\"row\"><div  class=\"col-xs-12 no-gutter-col\"> <div  data-content-shortcode=\"mesmerize_maps address=&quot;Giovanni da Procida, 4, Milano&quot; zoom=&quot;65&quot;\" data-editable=\"true\" class=\"\"><iframe class=\"mesmerize-google-maps mesmerize-frame-map\" src=\"https:\/\/maps.google.com\/maps?q=Giovanni da Procida, 4, Milano&amp;z=14&amp;t=m&amp;output=embed&amp;iwloc=near\"><\/iframe><\/div><\/div> <\/div><\/div> <\/div><div  data-label=\"Contact\" data-id=\"contact-1\" data-export-id=\"contact-1\" data-category=\"contact\" class=\"contact-1 content-section content-section-spacing white-text\" data-parallax-depth=\"20\" id=\"contact-1\" style=\"background-color: rgb(255, 255, 255); background-image: url(&quot;https:\/\/zacamministrazioni.it\/wp-content\/uploads\/2019\/08\/img-zac3.jpg&quot;); background-size: cover; background-position: center top;\">\n    <div  class=\"\">\n    <div  class=\"row text-center\">\n    <div  class=\"section-title-col\" data-type=\"column\">\n    <h2  class=\"\">Contattaci<\/h2>\n    <p  class=\"lead\">Richiedi un preventivo personalizzato<\/p>\n    \n    <\/div>\n    <\/div>\n    <div  class=\"row text-center\">\n    <div  class=\"col-xs-12 col-sm-8 col-sm-offset-2 contact-form-wrapper inline-info\">\n    <div  class=\"card large-padding\">\n    <div  class=\"\" data-content-shortcode=\"mesmerize_contact_form shortcode=&quot;contact-form-7 id=&amp;amp;quot;4&amp;amp;quot; title=&amp;amp;quot;Contact form 1&amp;amp;quot;&quot;\" data-editable=\"true\"><div role=\"form\" class=\"wpcf7\" id=\"wpcf7-f333-o1\" lang=\"en-US\" dir=\"ltr\">\n<div class=\"screen-reader-response\"><\/div>\n<form action=\"\/index.php?rest_route=%2Fwp%2Fv2%2Fpages%2F5#wpcf7-f333-o1\" method=\"post\" class=\"wpcf7-form\" novalidate=\"novalidate\">\n<div style=\"display: none;\">\n<input type=\"hidden\" name=\"_wpcf7\" value=\"333\" \/>\n<input type=\"hidden\" name=\"_wpcf7_version\" value=\"5.1.3\" \/>\n<input type=\"hidden\" name=\"_wpcf7_locale\" value=\"en_US\" \/>\n<input type=\"hidden\" name=\"_wpcf7_unit_tag\" value=\"wpcf7-f333-o1\" \/>\n<input type=\"hidden\" name=\"_wpcf7_container_post\" value=\"0\" \/>\n<\/div>\n<p><label> Nome (Obbligatorio)<br \/>\n    <span class=\"wpcf7-form-control-wrap your-name\"><input type=\"text\" name=\"your-name\" value=\"\" size=\"40\" class=\"wpcf7-form-control wpcf7-text wpcf7-validates-as-required\" aria-required=\"true\" aria-invalid=\"false\" \/><\/span> <\/label><\/p>\n<p><label> Cognome (Obbligatorio)<br \/>\n    <span class=\"wpcf7-form-control-wrap your-lastname\"><input type=\"text\" name=\"your-lastname\" value=\"\" size=\"40\" class=\"wpcf7-form-control wpcf7-text wpcf7-validates-as-required\" aria-required=\"true\" aria-invalid=\"false\" \/><\/span> <\/label><\/p>\n<p><label> E-mail (Obbligatorio)<br \/>\n    <span class=\"wpcf7-form-control-wrap your-email\"><input type=\"email\" name=\"your-email\" value=\"\" size=\"40\" class=\"wpcf7-form-control wpcf7-text wpcf7-email wpcf7-validates-as-required wpcf7-validates-as-email\" aria-required=\"true\" aria-invalid=\"false\" \/><\/span> <\/label><\/p>\n<div style=\"float:left; width:34%;\">\n<label > N\u00b0 Condomini<br \/>\n    <span class=\"wpcf7-form-control-wrap n-condomini\"><input type=\"text\" name=\"n-condomini\" value=\"\" size=\"40\" class=\"wpcf7-form-control wpcf7-text\" aria-invalid=\"false\" \/><\/span> <\/label>\n<\/div>\n<div style=\"float:left;  width:33%; padding-left:25px;\">\n<label> Portineria<br \/>\n    <span class=\"wpcf7-form-control-wrap portineria\"><input type=\"text\" name=\"portineria\" value=\"\" size=\"40\" class=\"wpcf7-form-control wpcf7-text\" aria-invalid=\"false\" placeholder=\"Si \/ No\" \/><\/span> <\/label>\n<\/div>\n<div style=\"float:left;  width:33%; padding-left:25px;\">\n<label> Box<br \/>\n    <span class=\"wpcf7-form-control-wrap box\"><input type=\"text\" name=\"box\" value=\"\" size=\"40\" class=\"wpcf7-form-control wpcf7-text\" aria-invalid=\"false\" placeholder=\"Si \/ No\" \/><\/span> <\/label><\/p>\n<\/div>\n<p><br><br \/>\n<br><br \/>\n<label> Oggetto<br \/>\n    <span class=\"wpcf7-form-control-wrap your-subject\"><input type=\"text\" name=\"your-subject\" value=\"\" size=\"40\" class=\"wpcf7-form-control wpcf7-text\" aria-invalid=\"false\" \/><\/span> <\/label><\/p>\n<p><label> inserisci il tuo messaggio<br \/>\n    <span class=\"wpcf7-form-control-wrap your-message\"><textarea name=\"your-message\" cols=\"40\" rows=\"10\" class=\"wpcf7-form-control wpcf7-textarea\" aria-invalid=\"false\"><\/textarea><\/span> <\/label><\/p>\n<p><input type=\"submit\" value=\"INVIA\" class=\"wpcf7-form-control wpcf7-submit\" \/><\/p>\n<div class=\"wpcf7-response-output wpcf7-display-none\"><\/div><\/form><\/div><\/div>\n    <\/div>\n    <\/div>\n    <\/div>\n    <\/div>\n    <\/div>","protected":false},"excerpt":{"rendered":"<p>OPERATIVI DA PI\u00d9 DI 20 ANNI Grazie alla guidaSeria e professionaledel Rag. Giorgio Zacchetti Iscritto all\u2019associazione di categoria A.N.A.I.P, lo Studio Zacchetti opera principalmente a Milano e nell\u2019hinterland milanese, vantando un\u2019efficiente struttura aziendale.&nbsp; &nbsp;Lo staff \u00e8 attualmente formato da 5 persone interne ed una serie di collaboratori esterni che seguono e collaborano con lo studio&hellip; <br \/> <a class=\"read-more\" href=\"https:\/\/zacamministrazioni.it\/\">Leggi tutto<\/a><\/p>\n","protected":false},"author":1,"featured_media":0,"parent":0,"menu_order":0,"comment_status":"closed","ping_status":"closed","template":"page-templates\/homepage.php","meta":{"footnotes":""},"class_list":["post-5","page","type-page","status-publish","hentry"],"_links":{"self":[{"href":"https:\/\/zacamministrazioni.it\/index.php?rest_route=\/wp\/v2\/pages\/5","targetHints":{"allow":["GET"]}}],"collection":[{"href":"https:\/\/zacamministrazioni.it\/index.php?rest_route=\/wp\/v2\/pages"}],"about":[{"href":"https:\/\/zacamministrazioni.it\/index.php?rest_route=\/wp\/v2\/types\/page"}],"author":[{"embeddable":true,"href":"https:\/\/zacamministrazioni.it\/index.php?rest_route=\/wp\/v2\/users\/1"}],"replies":[{"embeddable":true,"href":"https:\/\/zacamministrazioni.it\/index.php?rest_route=%2Fwp%2Fv2%2Fcomments&post=5"}],"version-history":[{"count":48,"href":"https:\/\/zacamministrazioni.it\/index.php?rest_route=\/wp\/v2\/pages\/5\/revisions"}],"predecessor-version":[{"id":674,"href":"https:\/\/zacamministrazioni.it\/index.php?rest_route=\/wp\/v2\/pages\/5\/revisions\/674"}],"wp:attachment":[{"href":"https:\/\/zacamministrazioni.it\/index.php?rest_route=%2Fwp%2Fv2%2Fmedia&parent=5"}],"curies":[{"name":"wp","href":"https:\/\/api.w.org\/{rel}","templated":true}]}}