{"id":342,"date":"2019-07-31T11:50:52","date_gmt":"2019-07-31T09:50:52","guid":{"rendered":"https:\/\/zacamministrazioni.it\/?page_id=342"},"modified":"2019-08-07T09:54:06","modified_gmt":"2019-08-07T07:54:06","slug":"servizi","status":"publish","type":"page","link":"https:\/\/zacamministrazioni.it\/?page_id=342","title":{"rendered":"Servizi"},"content":{"rendered":"<div  data-label=\"Features\" data-id=\"features--1\" data-export-id=\"features-12\" data-category=\"features\" class=\"features-12 content-section content-section-spacing \" id=\"features-1\" style=\"background-color: rgb(255, 255, 255);\"><div  class=\"gridContainer\"> <div  class=\"row text-center\"><div  class=\"section-title-col\" data-type=\"column\">  <p  class=\"lead\">Lo studio svolge con notevole<b > affidabilit\u00e0, trasparenza e<br >\r\nprofessionalit\u00e0<\/b> le seguenti attivit\u00e0 professionali:<\/p><\/div> <\/div> <div  class=\"row spaced-cols\" data-type=\"row\"> <div  class=\"col-sm-6 col-md-6 \"> <div  class=\"row space-bottom\"> <div  class=\"col-sm-fit icon-column\"> <i  class=\"fa icon fa-hand-paper-o big color2\"><\/i> <\/div> <div  class=\"col-sm\" data-type=\"column\"> <h5  class=\"color2\">CONVOCAZIONI<\/h5> <p  class=\"\">Convocazione dei Condomini per <b >assemblee ordinarie e straordinarie<\/b><\/p><\/div> <\/div><\/div>    <div  class=\"col-sm-6 col-md-6\"> <div  class=\"row space-bottom\"> <div  class=\"col-sm-fit icon-column\"> <i  class=\"fa icon fa-connectdevelop big color2\"><\/i> <\/div> <div  class=\"col-sm\" data-type=\"column\"> <h5  class=\"color2\">GESTIONE CONDOMINIALE<\/h5> <p  class=\"\">Gestione condominiale in base alle tabelle millesimali e alle <b >disposizioni del Codice Civile<\/b><\/p><\/div> <\/div><\/div><div  class=\"col-sm-6 col-md-6\"> <div  class=\"row space-bottom\"> <div  class=\"col-sm-fit icon-column\"> <i  class=\"fa icon fa-calculator big color2\"><\/i> <\/div> <div  class=\"col-sm\" data-type=\"column\"> <h5  class=\"color2\">BILANCI PREVENTIVI<\/h5> <p  class=\"\">Redazione di un bilancio preventivo per <b >nuova gestione e riparto delle spese<\/b><\/p><\/div> <\/div><\/div><div  class=\"col-sm-6 col-md-6\"> <div  class=\"row space-bottom\"> <div  class=\"col-sm-fit icon-column\"> <i  class=\"fa icon fa-paste big color2\"><\/i> <\/div> <div  class=\"col-sm\" data-type=\"column\"> <h5  class=\"color2\">BILANCI CONSUNTIVI<\/h5> <p  class=\"\">Redazione del bilancio consuntivo con relativo <b >riparto spese<\/b> per singolo condominio e <b >rendiconto analitico dettagliato<\/b><\/p><\/div> <\/div><\/div><div  class=\"col-sm-6 col-md-6\"> <div  class=\"row space-bottom\"> <div  class=\"col-sm-fit icon-column\"> <i  class=\"fa icon fa-money big color2\"><\/i> <\/div> <div  class=\"col-sm\" data-type=\"column\"> <h5  class=\"color2\">PAGAMENTO RITENUTE D\u2019ACCONTO<\/h5> <p  class=\"\"><b >Pagamento regolare<\/b> delle ritenute d\u2019acconto sulle fatture<\/p><\/div> <\/div><\/div><div  class=\"col-sm-6 col-md-6\"> <div  class=\"row space-bottom\"> <div  class=\"col-sm-fit icon-column\"> <i  class=\"fa icon fa-bank big color2\"><\/i> <\/div> <div  class=\"col-sm\" data-type=\"column\"> <h5  class=\"color2\">CONTO CORRENTE BANCARIO<\/h5> <p  class=\"\">Apertura e gestione di un conto corrente bancario intestato al Condominio<\/p><\/div> <\/div><\/div><div  class=\"col-sm-6 col-md-6\"> <div  class=\"row space-bottom\"> <div  class=\"col-sm-fit icon-column\"> <i  class=\"fa icon fa-balance-scale big color2\"><\/i> <\/div> <div  class=\"col-sm\" data-type=\"column\"> <h5  class=\"color2\">RAPPRESENTANZA LEGALE<\/h5> <p  class=\"\">Rappresentanza <b >legale <\/b>del Condominio<\/p><\/div> <\/div><\/div><div  class=\"col-sm-6 col-md-6\"> <div  class=\"row space-bottom\"> <div  class=\"col-sm-fit icon-column\"> <i  class=\"fa icon fa-copy big color2\"><\/i> <\/div> <div  class=\"col-sm\" data-type=\"column\"> <h5  class=\"color2\">CONTRATTI LOCAZIONE<\/h5> <p  class=\"\">Gestione di contratti di <b >locazione<\/b><\/p><\/div> <\/div><\/div><div  class=\"col-sm-6 col-md-6\"> <div  class=\"row space-bottom\"> <div  class=\"col-sm-fit icon-column\"> <i  class=\"fa icon fa-hand-peace-o big color2\"><\/i> <\/div> <div  class=\"col-sm\" data-type=\"column\"> <h5  class=\"color2\">ASSICURAZIONI<\/h5> <p  class=\"\">Stipula e\/o aggiornamento<b > assicurativo <\/b>del fabbricato.<\/p><\/div> <\/div><\/div><div  class=\"col-sm-6 col-md-6\"> <div  class=\"row space-bottom\"> <div  class=\"col-sm-fit icon-column\"> <i  class=\"fa icon fa-black-tie big color2\"><\/i> <\/div> <div  class=\"col-sm\" data-type=\"column\"> <h5  class=\"color2\">ESECUZIONE DELIBERE<\/h5> <p  class=\"\"><b >Esecuzione<\/b> professionale delibere assembleari<\/p><\/div> <\/div><\/div><div  class=\"col-sm-6 col-md-6\"> <div  class=\"row space-bottom\"> <div  class=\"col-sm-fit icon-column\"> <i  class=\"fa icon fa-archive big color2\"><\/i> <\/div> <div  class=\"col-sm\" data-type=\"column\"> <h5  class=\"color2\">PRESA IN CARICO SEGNALAZIONI<\/h5> <p  class=\"\">Presa in carico segnalazioni e riunioni con il Comitato<\/p><\/div> <\/div><\/div><div  class=\"col-sm-6 col-md-6\"> <div  class=\"row space-bottom\"> <div  class=\"col-sm-fit icon-column\"> <i  class=\"fa icon fa-building-o big color2\"><\/i> <\/div> <div  class=\"col-sm\" data-type=\"column\"> <h5  class=\"color2\">GESTIONE AFFITTI<\/h5> <p  class=\"\">Gestione contratti <b >affitti<\/b><\/p><\/div> <\/div><\/div><\/div><\/div> <\/div><div data-label=\"Contact\" data-id=\"contact--1\" data-export-id=\"contact-1\" data-category=\"contact\" class=\"contact-1 content-section content-section-spacing white-text\" data-parallax-depth=\"20\" id=\"contact-1\"  style=\"background-color: rgb(245, 250, 253); background-image: url(&quot;https:\/\/zacamministrazioni.it\/wp-content\/uploads\/2019\/08\/img-zac3.jpg&quot;); background-size: cover; background-position: center top;\"><div class=\"gridContainer\" > <div class=\"row text-center\" ><div class=\"section-title-col\" data-type=\"column\" > <h2 class=\"\" >Contattaci<\/h2> <p class=\"lead\" >Richiedi un preventivo personalizzato<\/p><\/div> <\/div> <div class=\"row text-center\" > <div class=\"col-xs-12 col-sm-8 col-sm-offset-2 contact-form-wrapper inline-info\" > <div class=\"card large-padding\" > <div class=\"\" data-content-shortcode=\"mesmerize_contact_form shortcode=&quot;contact-form-7 id=&amp;amp;quot;4&amp;amp;quot; title=&amp;amp;quot;Contact form 1&amp;amp;quot;&quot;\" data-editable=\"true\" ><div role=\"form\" class=\"wpcf7\" id=\"wpcf7-f333-o1\" lang=\"en-US\" dir=\"ltr\">\n<div class=\"screen-reader-response\"><\/div>\n<form action=\"\/index.php?rest_route=%2Fwp%2Fv2%2Fpages%2F342#wpcf7-f333-o1\" method=\"post\" class=\"wpcf7-form\" novalidate=\"novalidate\">\n<div style=\"display: none;\">\n<input type=\"hidden\" name=\"_wpcf7\" value=\"333\" \/>\n<input type=\"hidden\" name=\"_wpcf7_version\" value=\"5.1.3\" \/>\n<input type=\"hidden\" name=\"_wpcf7_locale\" value=\"en_US\" \/>\n<input type=\"hidden\" name=\"_wpcf7_unit_tag\" value=\"wpcf7-f333-o1\" \/>\n<input type=\"hidden\" name=\"_wpcf7_container_post\" value=\"0\" \/>\n<\/div>\n<p><label> Nome (Obbligatorio)<br \/>\n    <span class=\"wpcf7-form-control-wrap your-name\"><input type=\"text\" name=\"your-name\" value=\"\" size=\"40\" class=\"wpcf7-form-control wpcf7-text wpcf7-validates-as-required\" aria-required=\"true\" aria-invalid=\"false\" \/><\/span> <\/label><\/p>\n<p><label> Cognome (Obbligatorio)<br \/>\n    <span class=\"wpcf7-form-control-wrap your-lastname\"><input type=\"text\" name=\"your-lastname\" value=\"\" size=\"40\" class=\"wpcf7-form-control wpcf7-text wpcf7-validates-as-required\" aria-required=\"true\" aria-invalid=\"false\" \/><\/span> <\/label><\/p>\n<p><label> E-mail (Obbligatorio)<br \/>\n    <span class=\"wpcf7-form-control-wrap your-email\"><input type=\"email\" name=\"your-email\" value=\"\" size=\"40\" class=\"wpcf7-form-control wpcf7-text wpcf7-email wpcf7-validates-as-required wpcf7-validates-as-email\" aria-required=\"true\" aria-invalid=\"false\" \/><\/span> <\/label><\/p>\n<div style=\"float:left; width:34%;\">\n<label > N\u00b0 Condomini<br \/>\n    <span class=\"wpcf7-form-control-wrap n-condomini\"><input type=\"text\" name=\"n-condomini\" value=\"\" size=\"40\" class=\"wpcf7-form-control wpcf7-text\" aria-invalid=\"false\" \/><\/span> <\/label>\n<\/div>\n<div style=\"float:left;  width:33%; padding-left:25px;\">\n<label> Portineria<br \/>\n    <span class=\"wpcf7-form-control-wrap portineria\"><input type=\"text\" name=\"portineria\" value=\"\" size=\"40\" class=\"wpcf7-form-control wpcf7-text\" aria-invalid=\"false\" placeholder=\"Si \/ No\" \/><\/span> <\/label>\n<\/div>\n<div style=\"float:left;  width:33%; padding-left:25px;\">\n<label> Box<br \/>\n    <span class=\"wpcf7-form-control-wrap box\"><input type=\"text\" name=\"box\" value=\"\" size=\"40\" class=\"wpcf7-form-control wpcf7-text\" aria-invalid=\"false\" placeholder=\"Si \/ No\" \/><\/span> <\/label><\/p>\n<\/div>\n<p><br><br \/>\n<br><br \/>\n<label> Oggetto<br \/>\n    <span class=\"wpcf7-form-control-wrap your-subject\"><input type=\"text\" name=\"your-subject\" value=\"\" size=\"40\" class=\"wpcf7-form-control wpcf7-text\" aria-invalid=\"false\" \/><\/span> <\/label><\/p>\n<p><label> inserisci il tuo messaggio<br \/>\n    <span class=\"wpcf7-form-control-wrap your-message\"><textarea name=\"your-message\" cols=\"40\" rows=\"10\" class=\"wpcf7-form-control wpcf7-textarea\" aria-invalid=\"false\"><\/textarea><\/span> <\/label><\/p>\n<p><input type=\"submit\" value=\"INVIA\" class=\"wpcf7-form-control wpcf7-submit\" \/><\/p>\n<div class=\"wpcf7-response-output wpcf7-display-none\"><\/div><\/form><\/div><\/div><\/div> <\/div><\/div> <\/div><\/div>","protected":false},"excerpt":{"rendered":"<p>Lo studio svolge con notevole affidabilit\u00e0, trasparenza e professionalit\u00e0 le seguenti attivit\u00e0 professionali: CONVOCAZIONI Convocazione dei Condomini per assemblee ordinarie e straordinarie GESTIONE CONDOMINIALE Gestione condominiale in base alle tabelle millesimali e alle disposizioni del Codice Civile BILANCI PREVENTIVI Redazione di un bilancio preventivo per nuova gestione e riparto delle spese BILANCI CONSUNTIVI Redazione del&hellip; <br \/> <a class=\"read-more\" href=\"https:\/\/zacamministrazioni.it\/?page_id=342\">Leggi tutto<\/a><\/p>\n","protected":false},"author":1,"featured_media":0,"parent":0,"menu_order":0,"comment_status":"closed","ping_status":"closed","template":"pro\/page-templates\/full-width-page.php","meta":{"footnotes":""},"class_list":["post-342","page","type-page","status-publish","hentry"],"_links":{"self":[{"href":"https:\/\/zacamministrazioni.it\/index.php?rest_route=\/wp\/v2\/pages\/342","targetHints":{"allow":["GET"]}}],"collection":[{"href":"https:\/\/zacamministrazioni.it\/index.php?rest_route=\/wp\/v2\/pages"}],"about":[{"href":"https:\/\/zacamministrazioni.it\/index.php?rest_route=\/wp\/v2\/types\/page"}],"author":[{"embeddable":true,"href":"https:\/\/zacamministrazioni.it\/index.php?rest_route=\/wp\/v2\/users\/1"}],"replies":[{"embeddable":true,"href":"https:\/\/zacamministrazioni.it\/index.php?rest_route=%2Fwp%2Fv2%2Fcomments&post=342"}],"version-history":[{"count":7,"href":"https:\/\/zacamministrazioni.it\/index.php?rest_route=\/wp\/v2\/pages\/342\/revisions"}],"predecessor-version":[{"id":549,"href":"https:\/\/zacamministrazioni.it\/index.php?rest_route=\/wp\/v2\/pages\/342\/revisions\/549"}],"wp:attachment":[{"href":"https:\/\/zacamministrazioni.it\/index.php?rest_route=%2Fwp%2Fv2%2Fmedia&parent=342"}],"curies":[{"name":"wp","href":"https:\/\/api.w.org\/{rel}","templated":true}]}}